{"id":39,"date":"2022-04-23T21:40:10","date_gmt":"2022-04-23T19:40:10","guid":{"rendered":"https:\/\/mhasin.eu\/?page_id=39"},"modified":"2022-06-24T10:03:44","modified_gmt":"2022-06-24T08:03:44","slug":"elementor-39","status":"publish","type":"page","link":"https:\/\/mhasin.eu\/","title":{"rendered":""},"content":{"rendered":"\t\t<div data-elementor-type=\"wp-post\" data-elementor-id=\"39\" class=\"elementor elementor-39\">\n\t\t\t\t\t\t<section class=\"elementor-section elementor-top-section elementor-element elementor-element-fb20024 elementor-section-boxed elementor-section-height-default elementor-section-height-default\" data-id=\"fb20024\" data-element_type=\"section\" data-e-type=\"section\">\n\t\t\t\t\t\t<div class=\"elementor-container elementor-column-gap-default\">\n\t\t\t\t\t<div class=\"elementor-column elementor-col-100 elementor-top-column elementor-element elementor-element-154ca54\" data-id=\"154ca54\" data-element_type=\"column\" data-e-type=\"column\">\n\t\t\t<div class=\"elementor-widget-wrap elementor-element-populated\">\n\t\t\t\t\t\t<section class=\"elementor-section elementor-inner-section elementor-element elementor-element-a0ab9b5 elementor-section-boxed elementor-section-height-default elementor-section-height-default\" data-id=\"a0ab9b5\" data-element_type=\"section\" data-e-type=\"section\">\n\t\t\t\t\t\t<div class=\"elementor-container elementor-column-gap-default\">\n\t\t\t\t\t<div class=\"elementor-column elementor-col-50 elementor-inner-column elementor-element elementor-element-2753264\" data-id=\"2753264\" data-element_type=\"column\" data-e-type=\"column\">\n\t\t\t<div class=\"elementor-widget-wrap elementor-element-populated\">\n\t\t\t\t\t\t<div class=\"elementor-element elementor-element-d9db5fa elementor-widget elementor-widget-text-editor\" data-id=\"d9db5fa\" data-element_type=\"widget\" data-e-type=\"widget\" data-widget_type=\"text-editor.default\">\n\t\t\t\t<div class=\"elementor-widget-container\">\n\t\t\t\t\t\t\t\t\t<p style=\"caret-color: #646464; color: #646464; font-family: Poppins;\">Martin Hasin,<\/p><p style=\"caret-color: #646464; color: #646464; font-family: Poppins;\">\u0161tudent 3 stupna vysoko\u0161kolsk\u00e9ho \u0161t\u00fadia zameran\u00edm na po\u010dita\u010dov\u00fa bezpe\u010dnos\u0165. Spravujem syst\u00e9my VMware, Vrealize automation 7, Windows DNS slu\u017eby, Checkpoint firewall, SSO syst\u00e9m keycloak, Syst\u00e9m na spr\u00e1vu WEB rie\u0161en\u00ed PLESK a in\u00e9 syst\u00e9my zalo\u017een\u00e9 na LINUX pr\u00edpadne windows.<\/p>\t\t\t\t\t\t\t\t<\/div>\n\t\t\t\t<\/div>\n\t\t\t\t\t<\/div>\n\t\t<\/div>\n\t\t\t\t<div class=\"elementor-column elementor-col-50 elementor-inner-column elementor-element elementor-element-3947053\" data-id=\"3947053\" data-element_type=\"column\" data-e-type=\"column\">\n\t\t\t<div class=\"elementor-widget-wrap\">\n\t\t\t\t\t\t\t<\/div>\n\t\t<\/div>\n\t\t\t\t\t<\/div>\n\t\t<\/section>\n\t\t\t\t\t<\/div>\n\t\t<\/div>\n\t\t\t\t\t<\/div>\n\t\t<\/section>\n\t\t\t\t<section class=\"elementor-section elementor-top-section elementor-element elementor-element-067a75e elementor-section-boxed elementor-section-height-default elementor-section-height-default\" data-id=\"067a75e\" data-element_type=\"section\" data-e-type=\"section\">\n\t\t\t\t\t\t<div class=\"elementor-container elementor-column-gap-default\">\n\t\t\t\t\t<div class=\"elementor-column elementor-col-100 elementor-top-column elementor-element elementor-element-18020d5\" data-id=\"18020d5\" data-element_type=\"column\" data-e-type=\"column\">\n\t\t\t<div class=\"elementor-widget-wrap elementor-element-populated\">\n\t\t\t\t\t\t<div class=\"elementor-element elementor-element-f3ce23e elementor-widget elementor-widget-text-editor\" data-id=\"f3ce23e\" data-element_type=\"widget\" data-e-type=\"widget\" data-widget_type=\"text-editor.default\">\n\t\t\t\t<div class=\"elementor-widget-container\">\n\t\t\t\t\t\t\t\t\t<p><strong>Technol\u00f3gie<\/strong><\/p>\t\t\t\t\t\t\t\t<\/div>\n\t\t\t\t<\/div>\n\t\t\t\t\t<\/div>\n\t\t<\/div>\n\t\t\t\t\t<\/div>\n\t\t<\/section>\n\t\t\t\t<section class=\"elementor-section elementor-top-section elementor-element elementor-element-bf82374 elementor-section-boxed elementor-section-height-default elementor-section-height-default\" data-id=\"bf82374\" data-element_type=\"section\" data-e-type=\"section\">\n\t\t\t\t\t\t<div class=\"elementor-container elementor-column-gap-default\">\n\t\t\t\t\t<div class=\"elementor-column elementor-col-50 elementor-top-column elementor-element elementor-element-d0d1866\" data-id=\"d0d1866\" data-element_type=\"column\" data-e-type=\"column\">\n\t\t\t<div class=\"elementor-widget-wrap elementor-element-populated\">\n\t\t\t\t\t\t<div class=\"elementor-element elementor-element-da5340c elementor-widget elementor-widget-image\" data-id=\"da5340c\" data-element_type=\"widget\" data-e-type=\"widget\" data-widget_type=\"image.default\">\n\t\t\t\t<div class=\"elementor-widget-container\">\n\t\t\t\t\t\t\t\t\t\t\t\t<figure class=\"wp-caption\">\n\t\t\t\t\t\t\t\t\t\t<img fetchpriority=\"high\" decoding=\"async\" width=\"300\" height=\"168\" src=\"https:\/\/mhasin.eu\/wp-content\/uploads\/2022\/06\/vmware.png\" class=\"attachment-large size-large wp-image-63\" alt=\"\" srcset=\"https:\/\/mhasin.eu\/wp-content\/uploads\/2022\/06\/vmware.png 300w, https:\/\/mhasin.eu\/wp-content\/uploads\/2022\/06\/vmware-184x103.png 184w\" sizes=\"(max-width: 300px) 100vw, 300px\" \/>\t\t\t\t\t\t\t\t\t\t\t<figcaption class=\"widget-image-caption wp-caption-text\">VMware<\/figcaption>\n\t\t\t\t\t\t\t\t\t\t<\/figure>\n\t\t\t\t\t\t\t\t\t<\/div>\n\t\t\t\t<\/div>\n\t\t\t\t\t<\/div>\n\t\t<\/div>\n\t\t\t\t<div class=\"elementor-column elementor-col-50 elementor-top-column elementor-element elementor-element-ac29af5\" data-id=\"ac29af5\" data-element_type=\"column\" data-e-type=\"column\">\n\t\t\t<div class=\"elementor-widget-wrap elementor-element-populated\">\n\t\t\t\t\t\t<div class=\"elementor-element elementor-element-a319a9c elementor-widget elementor-widget-image\" data-id=\"a319a9c\" data-element_type=\"widget\" data-e-type=\"widget\" data-widget_type=\"image.default\">\n\t\t\t\t<div class=\"elementor-widget-container\">\n\t\t\t\t\t\t\t\t\t\t\t\t<figure class=\"wp-caption\">\n\t\t\t\t\t\t\t\t\t\t<img decoding=\"async\" width=\"900\" height=\"473\" src=\"https:\/\/mhasin.eu\/wp-content\/uploads\/2022\/06\/windows-logo-social-1024x538.webp\" class=\"attachment-large size-large wp-image-64\" alt=\"\" srcset=\"https:\/\/mhasin.eu\/wp-content\/uploads\/2022\/06\/windows-logo-social-1024x538.webp 1024w, https:\/\/mhasin.eu\/wp-content\/uploads\/2022\/06\/windows-logo-social-300x158.webp 300w, https:\/\/mhasin.eu\/wp-content\/uploads\/2022\/06\/windows-logo-social-768x403.webp 768w, https:\/\/mhasin.eu\/wp-content\/uploads\/2022\/06\/windows-logo-social-184x97.webp 184w, https:\/\/mhasin.eu\/wp-content\/uploads\/2022\/06\/windows-logo-social.webp 1200w\" sizes=\"(max-width: 900px) 100vw, 900px\" \/>\t\t\t\t\t\t\t\t\t\t\t<figcaption class=\"widget-image-caption wp-caption-text\">Windows server<\/figcaption>\n\t\t\t\t\t\t\t\t\t\t<\/figure>\n\t\t\t\t\t\t\t\t\t<\/div>\n\t\t\t\t<\/div>\n\t\t\t\t\t<\/div>\n\t\t<\/div>\n\t\t\t\t\t<\/div>\n\t\t<\/section>\n\t\t\t\t<section class=\"elementor-section elementor-top-section elementor-element elementor-element-407923e elementor-section-boxed elementor-section-height-default elementor-section-height-default\" data-id=\"407923e\" data-element_type=\"section\" data-e-type=\"section\">\n\t\t\t\t\t\t<div class=\"elementor-container elementor-column-gap-default\">\n\t\t\t\t\t<div class=\"elementor-column elementor-col-50 elementor-top-column elementor-element elementor-element-15e8d49\" data-id=\"15e8d49\" data-element_type=\"column\" data-e-type=\"column\">\n\t\t\t<div class=\"elementor-widget-wrap elementor-element-populated\">\n\t\t\t\t\t\t<div class=\"elementor-element elementor-element-9506553 elementor-widget elementor-widget-image\" data-id=\"9506553\" data-element_type=\"widget\" data-e-type=\"widget\" data-widget_type=\"image.default\">\n\t\t\t\t<div class=\"elementor-widget-container\">\n\t\t\t\t\t\t\t\t\t\t\t\t<figure class=\"wp-caption\">\n\t\t\t\t\t\t\t\t\t\t<img decoding=\"async\" width=\"299\" height=\"169\" src=\"https:\/\/mhasin.eu\/wp-content\/uploads\/2022\/06\/vra.jpeg\" class=\"attachment-large size-large wp-image-68\" alt=\"\" srcset=\"https:\/\/mhasin.eu\/wp-content\/uploads\/2022\/06\/vra.jpeg 299w, https:\/\/mhasin.eu\/wp-content\/uploads\/2022\/06\/vra-184x104.jpeg 184w\" sizes=\"(max-width: 299px) 100vw, 299px\" \/>\t\t\t\t\t\t\t\t\t\t\t<figcaption class=\"widget-image-caption wp-caption-text\">VMware automation<\/figcaption>\n\t\t\t\t\t\t\t\t\t\t<\/figure>\n\t\t\t\t\t\t\t\t\t<\/div>\n\t\t\t\t<\/div>\n\t\t\t\t\t<\/div>\n\t\t<\/div>\n\t\t\t\t<div class=\"elementor-column elementor-col-50 elementor-top-column elementor-element elementor-element-bdc5375\" data-id=\"bdc5375\" data-element_type=\"column\" data-e-type=\"column\">\n\t\t\t<div class=\"elementor-widget-wrap elementor-element-populated\">\n\t\t\t\t\t\t<div class=\"elementor-element elementor-element-1323414 elementor-widget elementor-widget-image\" data-id=\"1323414\" data-element_type=\"widget\" data-e-type=\"widget\" data-widget_type=\"image.default\">\n\t\t\t\t<div class=\"elementor-widget-container\">\n\t\t\t\t\t\t\t\t\t\t\t\t<figure class=\"wp-caption\">\n\t\t\t\t\t\t\t\t\t\t<img loading=\"lazy\" decoding=\"async\" width=\"900\" height=\"456\" src=\"https:\/\/mhasin.eu\/wp-content\/uploads\/2022\/06\/laravel-valet-ubuntu-1024x519.png\" class=\"attachment-large size-large wp-image-71\" alt=\"\" srcset=\"https:\/\/mhasin.eu\/wp-content\/uploads\/2022\/06\/laravel-valet-ubuntu-1024x519.png 1024w, https:\/\/mhasin.eu\/wp-content\/uploads\/2022\/06\/laravel-valet-ubuntu-300x152.png 300w, https:\/\/mhasin.eu\/wp-content\/uploads\/2022\/06\/laravel-valet-ubuntu-768x389.png 768w, https:\/\/mhasin.eu\/wp-content\/uploads\/2022\/06\/laravel-valet-ubuntu-1536x778.png 1536w, https:\/\/mhasin.eu\/wp-content\/uploads\/2022\/06\/laravel-valet-ubuntu-2048x1038.png 2048w, https:\/\/mhasin.eu\/wp-content\/uploads\/2022\/06\/laravel-valet-ubuntu-184x93.png 184w, https:\/\/mhasin.eu\/wp-content\/uploads\/2022\/06\/laravel-valet-ubuntu-1200x608.png 1200w\" sizes=\"(max-width: 900px) 100vw, 900px\" \/>\t\t\t\t\t\t\t\t\t\t\t<figcaption class=\"widget-image-caption wp-caption-text\">UBUNTU server<\/figcaption>\n\t\t\t\t\t\t\t\t\t\t<\/figure>\n\t\t\t\t\t\t\t\t\t<\/div>\n\t\t\t\t<\/div>\n\t\t\t\t\t<\/div>\n\t\t<\/div>\n\t\t\t\t\t<\/div>\n\t\t<\/section>\n\t\t\t\t<section class=\"elementor-section elementor-top-section elementor-element elementor-element-5f4814c elementor-section-boxed elementor-section-height-default elementor-section-height-default\" data-id=\"5f4814c\" data-element_type=\"section\" data-e-type=\"section\">\n\t\t\t\t\t\t<div class=\"elementor-container elementor-column-gap-default\">\n\t\t\t\t\t<div class=\"elementor-column elementor-col-50 elementor-top-column elementor-element elementor-element-f1b2d2c\" data-id=\"f1b2d2c\" data-element_type=\"column\" data-e-type=\"column\">\n\t\t\t<div class=\"elementor-widget-wrap elementor-element-populated\">\n\t\t\t\t\t\t<div class=\"elementor-element elementor-element-552096b elementor-widget elementor-widget-image\" data-id=\"552096b\" data-element_type=\"widget\" data-e-type=\"widget\" data-widget_type=\"image.default\">\n\t\t\t\t<div class=\"elementor-widget-container\">\n\t\t\t\t\t\t\t\t\t\t\t\t<figure class=\"wp-caption\">\n\t\t\t\t\t\t\t\t\t\t<img loading=\"lazy\" decoding=\"async\" width=\"900\" height=\"550\" src=\"https:\/\/mhasin.eu\/wp-content\/uploads\/2022\/06\/check_point_vertical-1024x626.png\" class=\"attachment-large size-large wp-image-72\" alt=\"\" srcset=\"https:\/\/mhasin.eu\/wp-content\/uploads\/2022\/06\/check_point_vertical-1024x626.png 1024w, https:\/\/mhasin.eu\/wp-content\/uploads\/2022\/06\/check_point_vertical-300x184.png 300w, https:\/\/mhasin.eu\/wp-content\/uploads\/2022\/06\/check_point_vertical-768x470.png 768w, https:\/\/mhasin.eu\/wp-content\/uploads\/2022\/06\/check_point_vertical-184x113.png 184w, https:\/\/mhasin.eu\/wp-content\/uploads\/2022\/06\/check_point_vertical.png 1200w\" sizes=\"(max-width: 900px) 100vw, 900px\" \/>\t\t\t\t\t\t\t\t\t\t\t<figcaption class=\"widget-image-caption wp-caption-text\">Checpoint firewall<\/figcaption>\n\t\t\t\t\t\t\t\t\t\t<\/figure>\n\t\t\t\t\t\t\t\t\t<\/div>\n\t\t\t\t<\/div>\n\t\t\t\t\t<\/div>\n\t\t<\/div>\n\t\t\t\t<div class=\"elementor-column elementor-col-50 elementor-top-column elementor-element elementor-element-ebe1e36\" data-id=\"ebe1e36\" data-element_type=\"column\" data-e-type=\"column\">\n\t\t\t<div class=\"elementor-widget-wrap elementor-element-populated\">\n\t\t\t\t\t\t<div class=\"elementor-element elementor-element-64598f9 elementor-widget elementor-widget-image\" data-id=\"64598f9\" data-element_type=\"widget\" data-e-type=\"widget\" data-widget_type=\"image.default\">\n\t\t\t\t<div class=\"elementor-widget-container\">\n\t\t\t\t\t\t\t\t\t\t\t\t<figure class=\"wp-caption\">\n\t\t\t\t\t\t\t\t\t\t<img loading=\"lazy\" decoding=\"async\" width=\"399\" height=\"399\" src=\"https:\/\/mhasin.eu\/wp-content\/uploads\/2022\/06\/wazuh.jpeg\" class=\"attachment-large size-large wp-image-73\" alt=\"\" srcset=\"https:\/\/mhasin.eu\/wp-content\/uploads\/2022\/06\/wazuh.jpeg 399w, https:\/\/mhasin.eu\/wp-content\/uploads\/2022\/06\/wazuh-300x300.jpeg 300w, https:\/\/mhasin.eu\/wp-content\/uploads\/2022\/06\/wazuh-150x150.jpeg 150w, https:\/\/mhasin.eu\/wp-content\/uploads\/2022\/06\/wazuh-184x184.jpeg 184w, https:\/\/mhasin.eu\/wp-content\/uploads\/2022\/06\/wazuh-280x280.jpeg 280w\" sizes=\"(max-width: 399px) 100vw, 399px\" \/>\t\t\t\t\t\t\t\t\t\t\t<figcaption class=\"widget-image-caption wp-caption-text\">wazuh SIEM<\/figcaption>\n\t\t\t\t\t\t\t\t\t\t<\/figure>\n\t\t\t\t\t\t\t\t\t<\/div>\n\t\t\t\t<\/div>\n\t\t\t\t\t<\/div>\n\t\t<\/div>\n\t\t\t\t\t<\/div>\n\t\t<\/section>\n\t\t\t\t<\/div>\n\t\t","protected":false},"excerpt":{"rendered":"<p>Martin Hasin, \u0161tudent 3 stupna vysoko\u0161kolsk\u00e9ho \u0161t\u00fadia zameran\u00edm na po\u010dita\u010dov\u00fa bezpe\u010dnos\u0165. Spravujem syst\u00e9my VMware, Vrealize automation 7, Windows DNS slu\u017eby,&#8230;<\/p>\n","protected":false},"author":1,"featured_media":0,"parent":0,"menu_order":0,"comment_status":"closed","ping_status":"closed","template":"","meta":{"footnotes":""},"class_list":["post-39","page","type-page","status-publish","hentry"],"_links":{"self":[{"href":"https:\/\/mhasin.eu\/index.php\/wp-json\/wp\/v2\/pages\/39","targetHints":{"allow":["GET"]}}],"collection":[{"href":"https:\/\/mhasin.eu\/index.php\/wp-json\/wp\/v2\/pages"}],"about":[{"href":"https:\/\/mhasin.eu\/index.php\/wp-json\/wp\/v2\/types\/page"}],"author":[{"embeddable":true,"href":"https:\/\/mhasin.eu\/index.php\/wp-json\/wp\/v2\/users\/1"}],"replies":[{"embeddable":true,"href":"https:\/\/mhasin.eu\/index.php\/wp-json\/wp\/v2\/comments?post=39"}],"version-history":[{"count":24,"href":"https:\/\/mhasin.eu\/index.php\/wp-json\/wp\/v2\/pages\/39\/revisions"}],"predecessor-version":[{"id":85,"href":"https:\/\/mhasin.eu\/index.php\/wp-json\/wp\/v2\/pages\/39\/revisions\/85"}],"wp:attachment":[{"href":"https:\/\/mhasin.eu\/index.php\/wp-json\/wp\/v2\/media?parent=39"}],"curies":[{"name":"wp","href":"https:\/\/api.w.org\/{rel}","templated":true}]}}